{"id":1519,"date":"2025-02-23T12:06:55","date_gmt":"2025-02-23T11:06:55","guid":{"rendered":"http:\/\/archiviodistatovarese.cultura.gov.it\/?page_id=1519"},"modified":"2025-02-23T12:06:58","modified_gmt":"2025-02-23T11:06:58","slug":"testimonianze-del-melodramma-verdiano-da-libretti-dopera-programmi-e-locandine-conservati-presso","status":"publish","type":"page","link":"https:\/\/archiviodistatovarese.cultura.gov.it\/?page_id=1519","title":{"rendered":"Testimonianze del melodramma verdiano da libretti d\u2019opera, programmi e locandine conservati presso"},"content":{"rendered":"\n<h3 class=\"wp-block-heading\">Varese &#8211; Archivio di Stato &#8211; Archivio di Stato di Varese &#8211; Soprintendenza Archivistica per la Lombardia<\/h3>\n\n\n\n<h3 class=\"wp-block-heading\">10 ottobre 2013 &#8211; Giornata di studio<\/h3>\n\n\n\n<p>In occasione del bicentenario della nascita di Giuseppe Verdi, in collaborazione con la Soprintendenza Archivistica per la Lombardia, la Provincia di Varese, il Comune di Varese, il Comune di Brunello, il Comune di Viggi\u00f9 e\u00a0l&#8217;Azienda Ospedaliera Ospedale di Circolo Fondazione E. e S. Macchi Polo Universitario di Varese, l&#8217;Archivio di Stato di Varese presenta\u00a0libretti d&#8217;opera conservati nei fondi donati all&#8217;Istituto e coglie l&#8217;occasione per allargare l&#8217;indagine sulle fonti archivistiche e librarie all&#8217;Archivio Storico e alle Raccolte del Comune di Varese, prersentare il fondo &#8220;Antonio Ghiringhelli&#8221;, gi\u00e0 soprintendente del Teatro\u00a0della Scala di Milano, conservato presso la Biblioteca Civica del Comune di Brunello. L&#8217;Istituto Nazionale di Studi Verdiani-Parma che ha concesso l&#8217;utilizzo dei brani registrati nel 1903 da Francesco Tamagno, primo interprete dell&#8217;Otello di Verdi, che a Varese visse i suoi ultimi anni, nella Villa, ora sede dell&#8217;Azienda Ospedaliera. La stessa ha concesso &#8211; anche se giorno lavorativo &#8211; di visitare i locali e la scala, dove si dice il tenore provasse i suoi brani. Nella mattinata interverr\u00e0 pure il Conservatore dei Musei Civici Enrico Butti di Viggi\u00f9, prof. Ignazio Campagna che presenter\u00e0 il Monumento a Giuseppe Verdi di Milano realizzato da Enrico Butti.<\/p>\n","protected":false},"excerpt":{"rendered":"<p>Varese &#8211; Archivio di Stato &#8211; Archivio di Stato di Varese &#8211; Soprintendenza Archivistica per la Lombardia 10 ottobre 2013 &#8211; Giornata di studio In occasione del bicentenario della nascita di Giuseppe Verdi, in collaborazione con la Soprintendenza Archivistica per la Lombardia, la Provincia di Varese, il Comune di Varese, il Comune di Brunello, il [&hellip;]<\/p>\n","protected":false},"author":1,"featured_media":0,"parent":0,"menu_order":0,"comment_status":"closed","ping_status":"closed","template":"","meta":{"_monsterinsights_skip_tracking":false,"_monsterinsights_sitenote_active":false,"_monsterinsights_sitenote_note":"","_monsterinsights_sitenote_category":0,"episode_type":"","audio_file":"","cover_image":"","cover_image_id":"","duration":"","filesize":"","date_recorded":"","explicit":"","block":"","filesize_raw":"","footnotes":""},"class_list":["post-1519","page","type-page","status-publish","hentry"],"_links":{"self":[{"href":"https:\/\/archiviodistatovarese.cultura.gov.it\/index.php?rest_route=\/wp\/v2\/pages\/1519","targetHints":{"allow":["GET"]}}],"collection":[{"href":"https:\/\/archiviodistatovarese.cultura.gov.it\/index.php?rest_route=\/wp\/v2\/pages"}],"about":[{"href":"https:\/\/archiviodistatovarese.cultura.gov.it\/index.php?rest_route=\/wp\/v2\/types\/page"}],"author":[{"embeddable":true,"href":"https:\/\/archiviodistatovarese.cultura.gov.it\/index.php?rest_route=\/wp\/v2\/users\/1"}],"replies":[{"embeddable":true,"href":"https:\/\/archiviodistatovarese.cultura.gov.it\/index.php?rest_route=%2Fwp%2Fv2%2Fcomments&post=1519"}],"version-history":[{"count":1,"href":"https:\/\/archiviodistatovarese.cultura.gov.it\/index.php?rest_route=\/wp\/v2\/pages\/1519\/revisions"}],"predecessor-version":[{"id":1520,"href":"https:\/\/archiviodistatovarese.cultura.gov.it\/index.php?rest_route=\/wp\/v2\/pages\/1519\/revisions\/1520"}],"wp:attachment":[{"href":"https:\/\/archiviodistatovarese.cultura.gov.it\/index.php?rest_route=%2Fwp%2Fv2%2Fmedia&parent=1519"}],"curies":[{"name":"wp","href":"https:\/\/api.w.org\/{rel}","templated":true}]}}