{"id":1531,"date":"2025-02-23T12:13:51","date_gmt":"2025-02-23T11:13:51","guid":{"rendered":"http:\/\/archiviodistatovarese.cultura.gov.it\/?page_id=1531"},"modified":"2025-02-23T12:13:53","modified_gmt":"2025-02-23T11:13:53","slug":"la-societa-operaia-di-mutuo-soccorso-di-varese-e-le-societa-operaie-della-provincia-cento-cinquanta-anni-di-storia-del-circondario-di-varese-e-dellalto-milanese","status":"publish","type":"page","link":"https:\/\/archiviodistatovarese.cultura.gov.it\/?page_id=1531","title":{"rendered":"La Societ\u00e0 Operaia di Mutuo Soccorso di Varese e le Societ\u00e0 Operaie della Provincia. Cento cinquanta anni di storia del Circondario di Varese e dell\u2019Alto Milanese"},"content":{"rendered":"\n<h3 class=\"wp-block-heading\">Villa Mirabello, Musei Civici di Varese &#8211; Archivio di Stato di Varese, SOMS Varese, Soprintendenza Archivistica per la Lombardia<\/h3>\n\n\n\n<h3 class=\"wp-block-heading\">14 dicembre 2013 &#8211; Giornata di studio<\/h3>\n\n\n\n<p>\u00abLa Societ\u00e0 Operaia di Mutuo Soccorso di Varese e le Societ\u00e0 Operaie della Provincia. Cento cinquanta anni di storia del Circondario di Varese e dell&#8217;Alto Milanese\u00bb, con la collaborazione dell&#8217;Archivio di Stato di Varese, la Soprintendenza Archivistica per la Lombardia, l&#8217;Universit\u00e0 degli studi dell&#8217;Insubria, l&#8217;Universit\u00e0 Cattolica del Sacro Cuore di Ges\u00f9 di Milano, INTERNATIONAL RESEARCH CENTER FOR LOCAL HISTORIES&#8230;di Varese, le Societ\u00e0 Operaie di Mutuo Soccorso di Viggi\u00f9, Clivio, Laveno, Saronno&#8230;, la Societ\u00e0 Storica Varesina, la Societ\u00e0 Storica Saronnese. Relatori: prof. Robertino Ghiringhelli<strong>,<\/strong>\u00a0Universit\u00e0 Cattolica del Sacro Cuore di Ges\u00f9 di Milano, prof. Giuseppe Armocida, Universit\u00e0 degli studi dell&#8217;Insubria, prof. Pier Maria Morresi, dr. Pierluigi Piano, Direttore dell&#8217;Archivio di Stato di Varese.<\/p>\n","protected":false},"excerpt":{"rendered":"<p>Villa Mirabello, Musei Civici di Varese &#8211; Archivio di Stato di Varese, SOMS Varese, Soprintendenza Archivistica per la Lombardia 14 dicembre 2013 &#8211; Giornata di studio \u00abLa Societ\u00e0 Operaia di Mutuo Soccorso di Varese e le Societ\u00e0 Operaie della Provincia. Cento cinquanta anni di storia del Circondario di Varese e dell&#8217;Alto Milanese\u00bb, con la collaborazione [&hellip;]<\/p>\n","protected":false},"author":1,"featured_media":0,"parent":0,"menu_order":0,"comment_status":"closed","ping_status":"closed","template":"","meta":{"_monsterinsights_skip_tracking":false,"_monsterinsights_sitenote_active":false,"_monsterinsights_sitenote_note":"","_monsterinsights_sitenote_category":0,"episode_type":"","audio_file":"","cover_image":"","cover_image_id":"","duration":"","filesize":"","date_recorded":"","explicit":"","block":"","filesize_raw":"","footnotes":""},"class_list":["post-1531","page","type-page","status-publish","hentry"],"_links":{"self":[{"href":"https:\/\/archiviodistatovarese.cultura.gov.it\/index.php?rest_route=\/wp\/v2\/pages\/1531","targetHints":{"allow":["GET"]}}],"collection":[{"href":"https:\/\/archiviodistatovarese.cultura.gov.it\/index.php?rest_route=\/wp\/v2\/pages"}],"about":[{"href":"https:\/\/archiviodistatovarese.cultura.gov.it\/index.php?rest_route=\/wp\/v2\/types\/page"}],"author":[{"embeddable":true,"href":"https:\/\/archiviodistatovarese.cultura.gov.it\/index.php?rest_route=\/wp\/v2\/users\/1"}],"replies":[{"embeddable":true,"href":"https:\/\/archiviodistatovarese.cultura.gov.it\/index.php?rest_route=%2Fwp%2Fv2%2Fcomments&post=1531"}],"version-history":[{"count":2,"href":"https:\/\/archiviodistatovarese.cultura.gov.it\/index.php?rest_route=\/wp\/v2\/pages\/1531\/revisions"}],"predecessor-version":[{"id":1533,"href":"https:\/\/archiviodistatovarese.cultura.gov.it\/index.php?rest_route=\/wp\/v2\/pages\/1531\/revisions\/1533"}],"wp:attachment":[{"href":"https:\/\/archiviodistatovarese.cultura.gov.it\/index.php?rest_route=%2Fwp%2Fv2%2Fmedia&parent=1531"}],"curies":[{"name":"wp","href":"https:\/\/api.w.org\/{rel}","templated":true}]}}