{"id":1888,"date":"2025-05-29T10:48:38","date_gmt":"2025-05-29T08:48:38","guid":{"rendered":"http:\/\/archiviodistatovarese.cultura.gov.it\/?page_id=1888"},"modified":"2025-07-31T15:39:37","modified_gmt":"2025-07-31T13:39:37","slug":"fotoriproduzione","status":"publish","type":"page","link":"https:\/\/archiviodistatovarese.cultura.gov.it\/?page_id=1888","title":{"rendered":"Fotoriproduzione"},"content":{"rendered":"\r\n<div class=\"wp-block-spacer\" style=\"height: 28px;\" aria-hidden=\"true\">\u00a0<\/div>\r\n\r\n\r\n\r\n<p class=\"has-black-color has-text-color has-link-color has-medium-font-size wp-elements-988acdb8a9bc42872ca373833b0be28b\"><strong>FOTORIPRODUZIONE CON MEZZI PROPRI<\/strong><\/p>\r\n\r\n\r\n\r\n<p class=\"has-black-color has-text-color has-link-color wp-elements-938fa15fe77e9bbcce23c27a2f14a6c2\">Gli utenti della Sala di studio possono riprodurre\u00a0<strong>gratuitamente e liberamente<\/strong>, con mezzi propri\u00a0<strong>non professionali<\/strong>, i documenti in consultazione ai sensi dell\u2019art. 108 del D. Lgs. 42\/2004, del\u00a0<a href=\"http:\/\/archiviodistatovarese.cultura.gov.it\/wp-content\/uploads\/2025\/06\/DM_linee_guida_canoni_marzo_2023_-_def-signed.pdf\" target=\"_blank\" rel=\"noreferrer noopener\" data-type=\"attachment\" data-id=\"2173\">D.M. 161 dell\u201911 aprile 2023<\/a>, come modificato dal D.M. 187 del 1 maggio 2023 e dal\u00a0<a href=\"http:\/\/archiviodistatovarese.cultura.gov.it\/wp-content\/uploads\/2025\/06\/DM_21_marzo_2024_rep._108-signed.pdf\" target=\"_blank\" rel=\"noreferrer noopener\" data-type=\"attachment\" data-id=\"2174\">D.M. 108 del 21 marzo 2024<\/a>.<\/p>\r\n\r\n\r\n\r\n<p class=\"has-black-color has-text-color has-link-color wp-elements-396e23e1f516cead0dea8a1c09000f24\">Durante la riproduzione del materiale archivistico non \u00e8 consentito l&#8217;uso di scanner manuali, stativi, treppiedi e fonti di luce.<\/p>\r\n\r\n\r\n\r\n<p class=\"has-black-color has-text-color has-link-color wp-elements-71a1c4e1db654cf2b56b76c23655b228\">\u00a0<\/p>\r\n\r\n\r\n\r\n<p class=\"has-black-color has-text-color has-link-color wp-elements-4cb295fea93c464da7c15a2f515aa3d5\">L\u2019utente dovr\u00e0 indicare l\u2019<strong>elenco delle unit\u00e0 riprodotte<\/strong> nella sezione apposita del<\/p>\r\n\r\n\r\n\r\n<div class=\"wp-block-buttons is-layout-flex wp-block-buttons-is-layout-flex\"><\/div>\r\n\r\n\r\n\r\n<div class=\"wp-block-spacer\" style=\"height: 20px;\" aria-hidden=\"true\">\u00a0<\/div>\r\n\r\n\r\n\r\n<p class=\"has-black-color has-text-color has-link-color wp-elements-753103138e009e7d54967b4ac6e312fe\">Le riproduzioni devono essere effettuate\u00a0<strong>senza scopo di lucro<\/strong>, per finalit\u00e0 di studio, ricerca, libera manifestazione del pensiero o espressione creativa, promozione della conoscenza del patrimonio culturale.<\/p>\r\n\r\n\r\n\r\n<p class=\"has-black-color has-text-color has-link-color wp-elements-cc697b3b405e99186f16592c4f8ab90f\">Nel caso in cui le riproduzioni di beni culturali e\/o il riuso delle relative copie o immagini siano effettuati al di fuori dei casi di cui al paragrafo precedente, il richiedente \u00e8 tenuto al pagamento di un corrispettivo. Per maggiori informazioni si rimanda alla pagina <strong><a href=\"http:\/\/archiviodistatovarese.cultura.gov.it\/?page_id=1903\" data-type=\"page\" data-id=\"1903\">Divulgazione e pubblicazione delle immagini<\/a><\/strong>.<\/p>\r\n\r\n\r\n\r\n<div class=\"wp-block-spacer\" style=\"height: 10px;\" aria-hidden=\"true\">\u00a0<\/div>\r\n\r\n\r\n\r\n<div class=\"wp-block-spacer\" style=\"height: 40px;\" aria-hidden=\"true\">\u00a0<\/div>\r\n\r\n\r\n\r\n<p class=\"has-black-color has-text-color has-link-color has-medium-font-size wp-elements-356be175dbcf040dd8ea9b608c8ea0ef\"><strong>SERVIZIO INTERNO DI FOTORIPRODUZIONE CON SPEDIZIONE DI IMMAGINI DIGITALI<\/strong><\/p>\r\n\r\n\r\n\r\n<p class=\"wp-elements-01ef43b3d147b8884969faaad7ccc40a\">In attuazione del <strong><a href=\"http:\/\/archiviodistatovarese.cultura.gov.it\/wp-content\/uploads\/2025\/06\/DM_21_marzo_2024_rep._108-signed.pdf\" target=\"_blank\" rel=\"noreferrer noopener\" data-type=\"attachment\" data-id=\"2174\">D.M. 108\/2024<\/a><\/strong>, relativo a modifiche al D.M. 161 del 11 aprile 2023, <em>Linee guida per la determinazione degli importi minimi dei canoni e dei corrispettivi per la concessione d\u2019uso dei beni in consegna agli istituti e luoghi della cultura statali,<\/em> le tariffe del servizio interno di fotoriproduzione dell&#8217;Archivio di Stato di Varese sono riportate nel seguente allegato:<\/p>\r\n\r\n\r\n\r\n<div class=\"wp-block-spacer\" style=\"height: 20px;\" aria-hidden=\"true\"><a href=\"http:\/\/archiviodistatovarese.cultura.gov.it\/wp-content\/uploads\/2025\/07\/AS-VA_Tariffario_signed.pdf\"><strong>Tariffario<\/strong><\/a><\/div>\r\n<div aria-hidden=\"true\">\u00a0<\/div>\r\n\r\n\r\n\r\n<p class=\"has-black-color has-text-color has-link-color wp-elements-e954206ac4a524c93afa8ce3c255b3a5\">Le richieste potranno essere avanzate secondo due modalit\u00e0:<\/p>\r\n\r\n\r\n\r\n<ul class=\"wp-block-list\">\r\n<li class=\"has-black-color has-text-color has-link-color wp-elements-716632bdcb67543f783888d7b4758085\">&#8211; <strong>Presso l\u2019Archivio<\/strong><\/li>\r\n<\/ul>\r\n\r\n\r\n\r\n<p class=\"has-black-color has-text-color has-link-color wp-elements-ed2a04665575ee80c6630e5df00dab51\">L\u2019utente, dopo aver svolto le procedure di Accesso e Consultazione, dovr\u00e0 compilare il<\/p>\r\n\r\n\r\n\r\n<div class=\"wp-block-buttons is-layout-flex wp-block-buttons-is-layout-flex\"><\/div>\r\n\r\n\r\n\r\n<div class=\"wp-block-spacer\" style=\"height: 20px;\" aria-hidden=\"true\">\u00a0<\/div>\r\n\r\n\r\n\r\n<p class=\"has-black-color has-text-color has-link-color wp-elements-3d24e085c0e9b7da4a297a243ac26fd1\">Il documento dovr\u00e0 essere redatto in tutte le sue parti in modo chiaro e leggibile e dovr\u00e0 specificare le unit\u00e0 che si intende richiedere per la fotoriproduzione.<\/p>\r\n\r\n\r\n\r\n<p class=\"has-black-color has-text-color has-link-color wp-elements-69ae9d3d35e7fe366e8a8486ee9ace9f\">Il Personale di Sala di Studio elaborer\u00e0 un preventivo che se accettato dar\u00e0 seguito al pagamento; soltanto all\u2019avvenuta ricezione della ricevuta di pagamento l\u2019Istituto provveder\u00e0 all\u2019invio delle scansioni.<\/p>\r\n\r\n\r\n\r\n<div class=\"wp-block-spacer\" style=\"height: 10px;\" aria-hidden=\"true\">\u00a0<\/div>\r\n\r\n\r\n\r\n<ul class=\"wp-block-list\">\r\n<li class=\"has-black-color has-text-color has-link-color wp-elements-1a9bff13beb306d6582c3d26b9195ddd\">&#8211; <strong>Tramite email<\/strong><\/li>\r\n<\/ul>\r\n\r\n\r\n\r\n<p class=\"has-black-color has-text-color has-link-color wp-elements-ea91d4313fa15a02f84f182068319f62\">L\u2019utente, dopo aver svolto le procedure previste per il servizio di <strong>Ricerche per corrispondenza,<\/strong> dovr\u00e0 compilare il<\/p>\r\n\r\n\r\n\r\n<div class=\"wp-block-buttons is-layout-flex wp-block-buttons-is-layout-flex\"><\/div>\r\n\r\n\r\n\r\n<div class=\"wp-block-spacer\" style=\"height: 20px;\" aria-hidden=\"true\">\u00a0<\/div>\r\n\r\n\r\n\r\n<p class=\"has-black-color has-text-color has-link-color wp-elements-8fae35a8a534466d48906ec41f1676de\">Il documento dovr\u00e0 essere redatto in tutte le sue parti in modo chiaro e leggibile e dovr\u00e0 avere in allegato un documento di identit\u00e0 in corso di validit\u00e0. Il tutto dovr\u00e0 essere inviato all\u2019indirizzo <a href=\"mailto:as-va@cultura.gov.it\"><strong>as-va@cultura.gov.it<\/strong><\/a><strong>.<\/strong><\/p>\r\n\r\n\r\n\r\n<p class=\"has-black-color has-text-color has-link-color wp-elements-db85b4a8eade677d71f84516fd773df6\">L\u2019Archivio di Stato fornir\u00e0 all\u2019utente un preventivo che se accettato dar\u00e0 seguito al pagamento; soltanto all\u2019avvenuta ricezione della ricevuta di pagamento l\u2019Istituto provveder\u00e0 all\u2019invio delle scansioni.<\/p>\r\n\r\n\r\n\r\n<div class=\"wp-block-spacer\" style=\"height: 15px;\" aria-hidden=\"true\">\u00a0<\/div>\r\n\r\n\r\n\r\n<div class=\"wp-block-group has-black-color has-text-color has-background has-link-color wp-elements-592685b45c86a910ea0b6de97d3d0123 is-vertical is-layout-flex wp-container-core-group-is-layout-8cf370e7 wp-block-group-is-layout-flex\" style=\"background: linear-gradient(135deg,#eeeeee 100%,#a9b8c3 100%);\">\r\n<p class=\"has-text-align-left has-black-color has-text-color has-background has-link-color wp-elements-9edbf494b723ceeb447c3c0031e1e161\" style=\"background: linear-gradient(135deg,#eeeeee 100%,#a9b8c3 100%);\">Si informa che il <strong>preventivo predisposto dall\u2019Istituto ha una validit\u00e0 di 30 giorni<\/strong> a partire dalla data di emissione. Decorso tale termine, in assenza dell\u2019avvenuto pagamento e della trasmissione della relativa ricevuta da parte dell\u2019utente, il preventivo sar\u00e0 da ritenersi privo di efficacia e la procedura ad esso correlata verr\u00e0 considerata decaduta.<\/p>\r\n\r\n\r\n\r\n<p class=\"has-text-align-left has-black-color has-text-color has-background has-link-color wp-elements-15f56d32dcb6f3e9cd7aa80df236ef35\" style=\"background: linear-gradient(135deg,#eeeeee 100%,#a9b8c3 100%);\">Tutti i pagamenti effettuati dall\u2019utenza per i servizi resi dall\u2019Amministrazione dovranno avvenire attraverso il <a href=\"https:\/\/pagonline.cultura.gov.it\/pagamenti-pagopa\/operazioni\/home.do\"><strong>Portale dei pagamenti PagoPA<\/strong><\/a>. Per ulteriori informazioni visitare la pagina <strong><a href=\"http:\/\/archiviodistatovarese.cultura.gov.it\/?page_id=1330\" data-type=\"page\" data-id=\"1330\">Portale PagoPA<\/a><\/strong>.<\/p>\r\n<\/div>\r\n\r\n\r\n\r\n<p class=\"has-black-color has-text-color has-background has-link-color wp-elements-2839bbe96cf785033c3505c916f260ec\" style=\"background: linear-gradient(135deg,#eeeeee 100%,#a9b8c3 100%);\">In entrambi i casi <strong>le copie digitali saranno spedite via email<\/strong>, eccetto casi particolari concordati con l\u2019Istituto.<\/p>\r\n\r\n\r\n\r\n<div class=\"wp-block-spacer\" style=\"height: 32px;\" aria-hidden=\"true\">\u00a0<\/div>\r\n\r\n\r\n\r\n<p class=\"has-black-color has-text-color has-link-color has-medium-font-size wp-elements-27cf4126534e923d02bacc7d4e737f60\"><strong>RESTRIZIONI<\/strong><\/p>\r\n\r\n\r\n\r\n<p class=\"has-black-color has-text-color has-link-color wp-elements-72f7d3efa9f764cd0f0163b7f688b031\">Ai sensi del Capo III, Titolo II del D. Lgs. 42\/2004 sono previste restrizioni alla consultabilit\u00e0 attuate nel rispetto delle disposizioni che tutelano la riservatezza.<\/p>\r\n\r\n\r\n\r\n<p class=\"has-black-color has-text-color has-link-color wp-elements-78f0348a196b820a0989c27b80f9947d\">La riproduzione di interi fondi, serie o parti consistenti di esse \u00e8 soggetta ad autorizzazione da parte della Direzione.<\/p>\r\n\r\n\r\n\r\n<div class=\"wp-block-spacer\" style=\"height: 10px;\" aria-hidden=\"true\">\u00a0<\/div>\r\n\r\n\r\n\r\n<p class=\"has-black-color has-text-color has-link-color wp-elements-cc5ce5baa1ae385e0fc79c62b44aa5e9\"><strong>Casi specifici<\/strong><\/p>\r\n\r\n\r\n\r\n<ul class=\"wp-block-list\">\r\n<li class=\"has-black-color has-text-color has-link-color wp-elements-28c219b018ebf3a628b3937d6e429517\">&#8211; Non sono riproducibili i Titoli di trascrizione del <strong>Fondo Conservatoria dei Registri Immobiliari<\/strong>; la restrizione non si estende alle Note di trascrizione.<\/li>\r\n<\/ul>\r\n\r\n\r\n\r\n<div class=\"wp-block-spacer\" style=\"height: 10px;\" aria-hidden=\"true\">\u00a0<\/div>\r\n\r\n\r\n\r\n<ul class=\"wp-block-list\">\r\n<li class=\"has-black-color has-text-color has-link-color wp-elements-27cecc4cf1bb898219bbe7e3b663e156\">&#8211; Per ragioni di tutela conservativa le <strong>mappe originali cartacee del Fondo Catasto<\/strong> non sono pi\u00f9 disponibili alla consultazione; pertanto \u00e8 stata messa a disposizione una postazione informatica dedicata in Sala di Studio, presso la quale l\u2019utente prenotato pu\u00f2 consultare liberamente la banca dati di copie digitali ad alta risoluzione in formato JPG e richiederne copia.<\/li>\r\n<\/ul>\r\n\r\n\r\n\r\n<p>&nbsp;<\/p>\r\n","protected":false},"excerpt":{"rendered":"<p>FOTORIPRODUZIONE CON MEZZI PROPRI Gli utenti della Sala di studio possono riprodurre\u00a0gratuitamente e liberamente, con mezzi propri\u00a0non professionali, i documenti in consultazione ai sensi dell\u2019art. 108 del D. Lgs. 42\/2004, del\u00a0D.M. 161 dell\u201911 aprile 2023, come modificato dal D.M. 187 del 1 maggio 2023 e dal\u00a0D.M. 108 del 21 marzo 2024. Durante la riproduzione del [&hellip;]<\/p>\n","protected":false},"author":2,"featured_media":0,"parent":1205,"menu_order":0,"comment_status":"closed","ping_status":"closed","template":"","meta":{"_monsterinsights_skip_tracking":false,"_monsterinsights_sitenote_active":false,"_monsterinsights_sitenote_note":"","_monsterinsights_sitenote_category":0,"episode_type":"","audio_file":"","cover_image":"","cover_image_id":"","duration":"","filesize":"","date_recorded":"","explicit":"","block":"","filesize_raw":"","footnotes":""},"class_list":["post-1888","page","type-page","status-publish","hentry"],"_links":{"self":[{"href":"https:\/\/archiviodistatovarese.cultura.gov.it\/index.php?rest_route=\/wp\/v2\/pages\/1888","targetHints":{"allow":["GET"]}}],"collection":[{"href":"https:\/\/archiviodistatovarese.cultura.gov.it\/index.php?rest_route=\/wp\/v2\/pages"}],"about":[{"href":"https:\/\/archiviodistatovarese.cultura.gov.it\/index.php?rest_route=\/wp\/v2\/types\/page"}],"author":[{"embeddable":true,"href":"https:\/\/archiviodistatovarese.cultura.gov.it\/index.php?rest_route=\/wp\/v2\/users\/2"}],"replies":[{"embeddable":true,"href":"https:\/\/archiviodistatovarese.cultura.gov.it\/index.php?rest_route=%2Fwp%2Fv2%2Fcomments&post=1888"}],"version-history":[{"count":64,"href":"https:\/\/archiviodistatovarese.cultura.gov.it\/index.php?rest_route=\/wp\/v2\/pages\/1888\/revisions"}],"predecessor-version":[{"id":2389,"href":"https:\/\/archiviodistatovarese.cultura.gov.it\/index.php?rest_route=\/wp\/v2\/pages\/1888\/revisions\/2389"}],"up":[{"embeddable":true,"href":"https:\/\/archiviodistatovarese.cultura.gov.it\/index.php?rest_route=\/wp\/v2\/pages\/1205"}],"wp:attachment":[{"href":"https:\/\/archiviodistatovarese.cultura.gov.it\/index.php?rest_route=%2Fwp%2Fv2%2Fmedia&parent=1888"}],"curies":[{"name":"wp","href":"https:\/\/api.w.org\/{rel}","templated":true}]}}